{"id":6682,"date":"2025-02-22T01:56:08","date_gmt":"2025-02-22T01:56:08","guid":{"rendered":"https:\/\/bericenter.com\/?page_id=6682"},"modified":"2025-04-11T22:52:16","modified_gmt":"2025-04-11T22:52:16","slug":"diseno-de-tableros-de-arranque-de-motores-electricos","status":"publish","type":"page","link":"https:\/\/bericenter.com\/index.php\/diseno-de-tableros-de-arranque-de-motores-electricos\/","title":{"rendered":"DISE\u00d1O DE TABLEROS DE ARRANQUE DE MOTORES EL\u00c9CTRICOS"},"content":{"rendered":"\t\t<div data-elementor-type=\"wp-page\" data-elementor-id=\"6682\" class=\"elementor elementor-6682\">\n\t\t\t\t<div class=\"elementor-element elementor-element-33892277 e-flex e-con-boxed e-con e-parent\" data-id=\"33892277\" data-element_type=\"container\">\n\t\t\t\t\t<div class=\"e-con-inner\">\n\t\t\t\t<div class=\"elementor-element elementor-element-8712294 elementor-widget elementor-widget-image\" data-id=\"8712294\" data-element_type=\"widget\" data-widget_type=\"image.default\">\n\t\t\t\t<div class=\"elementor-widget-container\">\n\t\t\t\t\t\t\t\t\t\t\t\t\t\t\t<img fetchpriority=\"high\" decoding=\"async\" width=\"640\" height=\"321\" src=\"https:\/\/bericenter.com\/wp-content\/uploads\/2025\/04\/image-diseno-y-montaje-de-tableros-electricos.png\" class=\"attachment-large size-large wp-image-7038\" alt=\"\" srcset=\"https:\/\/bericenter.com\/wp-content\/uploads\/2025\/04\/image-diseno-y-montaje-de-tableros-electricos.png 788w, https:\/\/bericenter.com\/wp-content\/uploads\/2025\/04\/image-diseno-y-montaje-de-tableros-electricos-300x150.png 300w, https:\/\/bericenter.com\/wp-content\/uploads\/2025\/04\/image-diseno-y-montaje-de-tableros-electricos-768x385.png 768w, https:\/\/bericenter.com\/wp-content\/uploads\/2025\/04\/image-diseno-y-montaje-de-tableros-electricos-600x301.png 600w\" sizes=\"(max-width: 640px) 100vw, 640px\" \/>\t\t\t\t\t\t\t\t\t\t\t\t\t\t\t<\/div>\n\t\t\t\t<\/div>\n\t\t\t\t<div class=\"elementor-element elementor-element-1cd2bab elementor-widget elementor-widget-heading\" data-id=\"1cd2bab\" data-element_type=\"widget\" data-widget_type=\"heading.default\">\n\t\t\t\t<div class=\"elementor-widget-container\">\n\t\t\t\t\t<h2 class=\"elementor-heading-title elementor-size-default\"><h2 class=\"wp-block-heading\">DISE\u00d1O DE TABLEROS DE ARRANQUE DE MOTORES EL\u00c9CTRICOS<span style=\"color: var( --e-global-color-primary );font-family: var( --e-global-typography-primary-font-family ), Sans-serif;font-weight: var( --e-global-typography-primary-font-weight )\"><\/span><\/h2><\/h2>\t\t\t\t<\/div>\n\t\t\t\t<\/div>\n\t\t\t\t<div class=\"elementor-element elementor-element-e5e6c46 elementor-widget elementor-widget-heading\" data-id=\"e5e6c46\" data-element_type=\"widget\" data-widget_type=\"heading.default\">\n\t\t\t\t<div class=\"elementor-widget-container\">\n\t\t\t\t\t<h4 class=\"elementor-heading-title elementor-size-default\"><p>\u00bfQuieres dominar el\ndise\u00f1o e implementaci\u00f3n de tableros el\u00e9ctricos para motores industriales? Este\ncurso intensivo te brinda las competencias t\u00e9cnicas que necesitas para destacar\nen el mundo de la automatizaci\u00f3n y la tecnolog\u00eda industrial.<span style=\"color: var( --e-global-color-primary );font-family: var( --e-global-typography-primary-font-family ), Sans-serif;font-weight: var( --e-global-typography-primary-font-weight );text-align: var(--text-align)\"><\/span><\/p><\/h4>\t\t\t\t<\/div>\n\t\t\t\t<\/div>\n\t\t\t\t<div class=\"elementor-element elementor-element-8a086d1 elementor-widget elementor-widget-heading\" data-id=\"8a086d1\" data-element_type=\"widget\" data-widget_type=\"heading.default\">\n\t\t\t\t<div class=\"elementor-widget-container\">\n\t\t\t\t\t<h2 class=\"elementor-heading-title elementor-size-default\"><h2>\u00bfQu\u00e9 aprender\u00e1s?<span style=\"color: var( --e-global-color-primary );font-family: var( --e-global-typography-primary-font-family ), Sans-serif;font-weight: var( --e-global-typography-primary-font-weight );text-align: var(--text-align)\"><\/span><\/h2><\/h2>\t\t\t\t<\/div>\n\t\t\t\t<\/div>\n\t\t\t\t<div class=\"elementor-element elementor-element-7dc51f6 elementor-widget elementor-widget-text-editor\" data-id=\"7dc51f6\" data-element_type=\"widget\" data-widget_type=\"text-editor.default\">\n\t\t\t\t<div class=\"elementor-widget-container\">\n\t\t\t\t\t\t\t\t\t<p style=\"text-align: center;\">\u2714\ufe0f Determinar el funcionamiento y la selecci\u00f3n adecuada de componentes el\u00e9ctricos como interruptores termomagn\u00e9ticos, rel\u00e9s t\u00e9rmicos, fusibles y contactores.<br \/>\u2714\ufe0f Calcular los conductores el\u00e9ctricos adecuados para los diferentes sistemas de arranque de motores.<br \/>\u2714\ufe0f Implementar tableros el\u00e9ctricos de arranque bajo normas de seguridad y calidad industrial.<br \/>\u2714\ufe0f Utilizar herramientas especializadas para el armado y puesta en marcha de sistemas el\u00e9ctricos.<\/p>\t\t\t\t\t\t\t\t<\/div>\n\t\t\t\t<\/div>\n\t\t\t\t<div class=\"elementor-element elementor-element-68341f6 elementor-widget elementor-widget-heading\" data-id=\"68341f6\" data-element_type=\"widget\" data-widget_type=\"heading.default\">\n\t\t\t\t<div class=\"elementor-widget-container\">\n\t\t\t\t\t<h2 class=\"elementor-heading-title elementor-size-default\"><h2>Contenido pr\u00e1ctico de talleres<span style=\"color: var( --e-global-color-primary );font-family: var( --e-global-typography-primary-font-family ), Sans-serif;font-weight: var( --e-global-typography-primary-font-weight );text-align: var(--text-align)\"><\/span><\/h2><\/h2>\t\t\t\t<\/div>\n\t\t\t\t<\/div>\n\t\t\t\t<div class=\"elementor-element elementor-element-3645fd1 elementor-widget elementor-widget-text-editor\" data-id=\"3645fd1\" data-element_type=\"widget\" data-widget_type=\"text-editor.default\">\n\t\t\t\t<div class=\"elementor-widget-container\">\n\t\t\t\t\t\t\t\t\t<p style=\"text-align: center;\">&#8211; Arranque directo e inversi\u00f3n de giro<br \/>&#8211; Arranque estrella-tri\u00e1ngulo<br \/>&#8211; Arranque mediante resistencias estat\u00f3ricas<br \/>&#8211; Arranque mediante resistencias rot\u00f3ricas<br \/>&#8211; Arranque mediante autotransformador<br \/>&#8211; Frenado de motores el\u00e9ctricos por inyecci\u00f3n de corriente continua<\/p>\t\t\t\t\t\t\t\t<\/div>\n\t\t\t\t<\/div>\n\t\t\t\t<div class=\"elementor-element elementor-element-d1692d3 elementor-widget elementor-widget-heading\" data-id=\"d1692d3\" data-element_type=\"widget\" data-widget_type=\"heading.default\">\n\t\t\t\t<div class=\"elementor-widget-container\">\n\t\t\t\t\t<h2 class=\"elementor-heading-title elementor-size-default\"><h2>\u00bfA qui\u00e9n est\u00e1 dirigido?<span style=\"color: var( --e-global-color-primary );font-family: var( --e-global-typography-primary-font-family ), Sans-serif;font-weight: var( --e-global-typography-primary-font-weight )\"><\/span><\/h2><\/h2>\t\t\t\t<\/div>\n\t\t\t\t<\/div>\n\t\t\t\t<div class=\"elementor-element elementor-element-e87aa90 elementor-widget elementor-widget-text-editor\" data-id=\"e87aa90\" data-element_type=\"widget\" data-widget_type=\"text-editor.default\">\n\t\t\t\t<div class=\"elementor-widget-container\">\n\t\t\t\t\t\t\t\t\t<p style=\"text-align: center;\">Este curso est\u00e1 dise\u00f1ado para estudiantes, t\u00e9cnicos y profesionales del rubro el\u00e9ctrico y electr\u00f3nico que buscan especializarse en tableros de control y automatizaci\u00f3n industrial. Tambi\u00e9n es ideal si est\u00e1s trabajando en mantenimiento industrial o instalaci\u00f3n de equipos el\u00e9ctricos.<\/p>\t\t\t\t\t\t\t\t<\/div>\n\t\t\t\t<\/div>\n\t\t\t\t<div class=\"elementor-element elementor-element-8e05b41 elementor-widget elementor-widget-text-editor\" data-id=\"8e05b41\" data-element_type=\"widget\" data-widget_type=\"text-editor.default\">\n\t\t\t\t<div class=\"elementor-widget-container\">\n\t\t\t\t\t\t\t\t\t<h3 style=\"text-align: center;\">Condiciones del Curso<\/h3><p style=\"text-align: center;\">\ud83d\udcc5 Inicio:\u00a0 2025<br \/>\u23f1 Duraci\u00f3n: 30 horas pedag\u00f3gicas<br \/>\ud83d\udc65 Capacidad: M\u00ednimo 6 alumnos \u2013 M\u00e1ximo 8 alumnos<br \/>\ud83d\udce6 Incluye: Todos los materiales, herramientas, instrumentos y controladores necesarios<br \/>\ud83d\udcdc Certificaci\u00f3n: A nombre de Bericenter<br \/>\ud83d\udcbb Requisitos: Compromiso, disciplina y pasi\u00f3n por el aprendizaje pr\u00e1ctico<\/p>\t\t\t\t\t\t\t\t<\/div>\n\t\t\t\t<\/div>\n\t\t\t\t<div class=\"elementor-element elementor-element-2e9f11f elementor-widget elementor-widget-heading\" data-id=\"2e9f11f\" data-element_type=\"widget\" data-widget_type=\"heading.default\">\n\t\t\t\t<div class=\"elementor-widget-container\">\n\t\t\t\t\t<h3 class=\"elementor-heading-title elementor-size-default\"><p class=\"MsoNormal\"><span lang=\"EN-US\">\ud83c\udf93<\/span> \u00a1Convi\u00e9rtete en el profesional t\u00e9cnico que las empresas est\u00e1n buscando!<\/p><\/h3>\t\t\t\t<\/div>\n\t\t\t\t<\/div>\n\t\t\t\t<div class=\"elementor-element elementor-element-e237aaa elementor-widget elementor-widget-image\" data-id=\"e237aaa\" data-element_type=\"widget\" data-widget_type=\"image.default\">\n\t\t\t\t<div class=\"elementor-widget-container\">\n\t\t\t\t\t\t\t\t\t\t\t\t\t\t\t<img decoding=\"async\" width=\"640\" height=\"400\" src=\"https:\/\/bericenter.com\/wp-content\/uploads\/2025\/04\/Trabajo-en-tablero-electrico-2-1080x675-1-1024x640.webp\" class=\"attachment-large size-large wp-image-7043\" alt=\"\" srcset=\"https:\/\/bericenter.com\/wp-content\/uploads\/2025\/04\/Trabajo-en-tablero-electrico-2-1080x675-1-1024x640.webp 1024w, https:\/\/bericenter.com\/wp-content\/uploads\/2025\/04\/Trabajo-en-tablero-electrico-2-1080x675-1-300x188.webp 300w, https:\/\/bericenter.com\/wp-content\/uploads\/2025\/04\/Trabajo-en-tablero-electrico-2-1080x675-1-768x480.webp 768w, https:\/\/bericenter.com\/wp-content\/uploads\/2025\/04\/Trabajo-en-tablero-electrico-2-1080x675-1-600x375.webp 600w, https:\/\/bericenter.com\/wp-content\/uploads\/2025\/04\/Trabajo-en-tablero-electrico-2-1080x675-1.webp 1080w\" sizes=\"(max-width: 640px) 100vw, 640px\" \/>\t\t\t\t\t\t\t\t\t\t\t\t\t\t\t<\/div>\n\t\t\t\t<\/div>\n\t\t\t\t\t<\/div>\n\t\t\t\t<\/div>\n\t\t\t\t<\/div>\n\t\t","protected":false},"excerpt":{"rendered":"<p>DISE\u00d1O DE TABLEROS DE ARRANQUE DE MOTORES EL\u00c9CTRICOS \u00bfQuieres dominar el dise\u00f1o e implementaci\u00f3n de tableros el\u00e9ctricos para motores industriales? Este curso intensivo te brinda las competencias t\u00e9cnicas&#8230;<\/p>\n","protected":false},"author":1,"featured_media":6683,"parent":0,"menu_order":0,"comment_status":"closed","ping_status":"closed","template":"","meta":{"footnotes":""},"class_list":["post-6682","page","type-page","status-publish","has-post-thumbnail","hentry"],"_links":{"self":[{"href":"https:\/\/bericenter.com\/index.php\/wp-json\/wp\/v2\/pages\/6682","targetHints":{"allow":["GET"]}}],"collection":[{"href":"https:\/\/bericenter.com\/index.php\/wp-json\/wp\/v2\/pages"}],"about":[{"href":"https:\/\/bericenter.com\/index.php\/wp-json\/wp\/v2\/types\/page"}],"author":[{"embeddable":true,"href":"https:\/\/bericenter.com\/index.php\/wp-json\/wp\/v2\/users\/1"}],"replies":[{"embeddable":true,"href":"https:\/\/bericenter.com\/index.php\/wp-json\/wp\/v2\/comments?post=6682"}],"version-history":[{"count":30,"href":"https:\/\/bericenter.com\/index.php\/wp-json\/wp\/v2\/pages\/6682\/revisions"}],"predecessor-version":[{"id":7126,"href":"https:\/\/bericenter.com\/index.php\/wp-json\/wp\/v2\/pages\/6682\/revisions\/7126"}],"wp:featuredmedia":[{"embeddable":true,"href":"https:\/\/bericenter.com\/index.php\/wp-json\/wp\/v2\/media\/6683"}],"wp:attachment":[{"href":"https:\/\/bericenter.com\/index.php\/wp-json\/wp\/v2\/media?parent=6682"}],"curies":[{"name":"wp","href":"https:\/\/api.w.org\/{rel}","templated":true}]}}