{"id":6688,"date":"2025-02-22T02:03:43","date_gmt":"2025-02-22T02:03:43","guid":{"rendered":"https:\/\/bericenter.com\/?page_id=6688"},"modified":"2025-04-08T23:39:19","modified_gmt":"2025-04-08T23:39:19","slug":"instalacion-configuracion-y-operacion-de-variadores-de-frecuencia","status":"publish","type":"page","link":"https:\/\/bericenter.com\/index.php\/instalacion-configuracion-y-operacion-de-variadores-de-frecuencia\/","title":{"rendered":"INSTALACI\u00d3N, CONFIGURACI\u00d3N Y OPERACI\u00d3N DE VARIADORES DE FRECUENCIA"},"content":{"rendered":"\t\t<div data-elementor-type=\"wp-page\" data-elementor-id=\"6688\" class=\"elementor elementor-6688\">\n\t\t\t\t<div class=\"elementor-element elementor-element-27b7bd28 e-flex e-con-boxed e-con e-parent\" data-id=\"27b7bd28\" data-element_type=\"container\">\n\t\t\t\t\t<div class=\"e-con-inner\">\n\t\t\t\t<div class=\"elementor-element elementor-element-3353ae2 elementor-widget elementor-widget-image\" data-id=\"3353ae2\" data-element_type=\"widget\" data-widget_type=\"image.default\">\n\t\t\t\t<div class=\"elementor-widget-container\">\n\t\t\t\t\t\t\t\t\t\t\t\t\t\t\t<img fetchpriority=\"high\" decoding=\"async\" width=\"640\" height=\"219\" src=\"https:\/\/bericenter.com\/wp-content\/uploads\/2025\/04\/hombre-tecnico-electrico-trabajando-central-electrica-fusibles_169016-51507-1024x351.jpg\" class=\"attachment-large size-large wp-image-7025\" alt=\"\" srcset=\"https:\/\/bericenter.com\/wp-content\/uploads\/2025\/04\/hombre-tecnico-electrico-trabajando-central-electrica-fusibles_169016-51507-1024x351.jpg 1024w, https:\/\/bericenter.com\/wp-content\/uploads\/2025\/04\/hombre-tecnico-electrico-trabajando-central-electrica-fusibles_169016-51507-300x103.jpg 300w, https:\/\/bericenter.com\/wp-content\/uploads\/2025\/04\/hombre-tecnico-electrico-trabajando-central-electrica-fusibles_169016-51507-768x263.jpg 768w, https:\/\/bericenter.com\/wp-content\/uploads\/2025\/04\/hombre-tecnico-electrico-trabajando-central-electrica-fusibles_169016-51507-600x206.jpg 600w, https:\/\/bericenter.com\/wp-content\/uploads\/2025\/04\/hombre-tecnico-electrico-trabajando-central-electrica-fusibles_169016-51507.jpg 1380w\" sizes=\"(max-width: 640px) 100vw, 640px\" \/>\t\t\t\t\t\t\t\t\t\t\t\t\t\t\t<\/div>\n\t\t\t\t<\/div>\n\t\t\t\t<div class=\"elementor-element elementor-element-edf8ddd elementor-widget elementor-widget-heading\" data-id=\"edf8ddd\" data-element_type=\"widget\" data-widget_type=\"heading.default\">\n\t\t\t\t<div class=\"elementor-widget-container\">\n\t\t\t\t\t<h2 class=\"elementor-heading-title elementor-size-default\"><h2>INSTALACI\u00d3N, CONFIGURACI\u00d3N Y OPERACI\u00d3N DE VARIADORES DE FRECUENCIA<span style=\"color: var( --e-global-color-primary );font-family: var( --e-global-typography-primary-font-family ), Sans-serif;font-weight: var( --e-global-typography-primary-font-weight );text-align: var(--text-align)\"><\/span><\/h2><\/h2>\t\t\t\t<\/div>\n\t\t\t\t<\/div>\n\t\t\t\t<div class=\"elementor-element elementor-element-37cdad0 elementor-widget elementor-widget-text-editor\" data-id=\"37cdad0\" data-element_type=\"widget\" data-widget_type=\"text-editor.default\">\n\t\t\t\t<div class=\"elementor-widget-container\">\n\t\t\t\t\t\t\t\t\t<p style=\"text-align: center;\"><strong>\u00bfEst\u00e1s listo para llevar tu perfil t\u00e9cnico al siguiente nivel?<\/strong><br \/>Este curso est\u00e1 dise\u00f1ado para convertirte en un profesional altamente capacitado en el manejo de Variadores de Frecuencia (VDF), una de las tecnolog\u00edas m\u00e1s usadas en la automatizaci\u00f3n y eficiencia energ\u00e9tica industrial. Aprende a configurar, instalar y operar VDFs con total seguridad y precisi\u00f3n, y s\u00e9 el experto que las industrias est\u00e1n buscando hoy.<\/p>\t\t\t\t\t\t\t\t<\/div>\n\t\t\t\t<\/div>\n\t\t\t\t<div class=\"elementor-element elementor-element-ff6f94a elementor-widget elementor-widget-heading\" data-id=\"ff6f94a\" data-element_type=\"widget\" data-widget_type=\"heading.default\">\n\t\t\t\t<div class=\"elementor-widget-container\">\n\t\t\t\t\t<h2 class=\"elementor-heading-title elementor-size-default\">\u00bfQu\u00e9 vas a lograr con este curso?<\/h2>\t\t\t\t<\/div>\n\t\t\t\t<\/div>\n\t\t\t\t<div class=\"elementor-element elementor-element-ffaa140 elementor-widget elementor-widget-text-editor\" data-id=\"ffaa140\" data-element_type=\"widget\" data-widget_type=\"text-editor.default\">\n\t\t\t\t<div class=\"elementor-widget-container\">\n\t\t\t\t\t\t\t\t\t<p style=\"text-align: center;\">\u2714\ufe0f Dominar\u00e1s la selecci\u00f3n adecuada de variadores de frecuencia para motores de corriente alterna.<br \/>\u2714\ufe0f Configurar\u00e1s par\u00e1metros clave como rampas de aceleraci\u00f3n y desaceleraci\u00f3n, entradas anal\u00f3gicas y digitales.<br \/>\u2714\ufe0f Implementar\u00e1s tableros de control con VDFs de manera segura y profesional.<br \/>\u2714\ufe0f Diagnosticar\u00e1s fallos a trav\u00e9s de mediciones de voltaje y temperatura.<br \/>\u2714\ufe0f Aprender\u00e1s a utilizar sensores, potenci\u00f3metros y se\u00f1ales anal\u00f3gicas para el control inteligente de velocidad.<br \/>\u2714\ufe0f Aplicar\u00e1s tus conocimientos en procesos industriales reales como sistemas de bombeo, ventilaci\u00f3n y l\u00edneas de producci\u00f3n.<\/p>\t\t\t\t\t\t\t\t<\/div>\n\t\t\t\t<\/div>\n\t\t\t\t<div class=\"elementor-element elementor-element-683f4bc elementor-widget elementor-widget-heading\" data-id=\"683f4bc\" data-element_type=\"widget\" data-widget_type=\"heading.default\">\n\t\t\t\t<div class=\"elementor-widget-container\">\n\t\t\t\t\t<h2 class=\"elementor-heading-title elementor-size-default\">\u00bfQu\u00e9 vas a lograr con este curso?<\/h2>\t\t\t\t<\/div>\n\t\t\t\t<\/div>\n\t\t\t\t<div class=\"elementor-element elementor-element-34ba470 elementor-widget elementor-widget-text-editor\" data-id=\"34ba470\" data-element_type=\"widget\" data-widget_type=\"text-editor.default\">\n\t\t\t\t<div class=\"elementor-widget-container\">\n\t\t\t\t\t\t\t\t\t<p style=\"text-align: center;\">&#8211; Configuraci\u00f3n de datos del motor el\u00e9ctrico.<br \/>&#8211; Ajuste de rampas de aceleraci\u00f3n y desaceleraci\u00f3n.<br \/>&#8211; Control a dos y tres hilos.<br \/>&#8211; Implementaci\u00f3n de tableros de control con VDF.<br \/>&#8211; Diagn\u00f3stico: medici\u00f3n de voltaje y temperatura.<br \/>&#8211; Instalaci\u00f3n de sensores discretos y anal\u00f3gicos.<br \/>&#8211; Configuraci\u00f3n por software especializado.<br \/>&#8211; Control de velocidad por potenci\u00f3metro, se\u00f1al 0\u201310VDC, y 4\u201320mA.<br \/>&#8211; Uso de resistencias de frenado.<br \/>&#8211; Aplicaciones: par variable (bombeo, ventilaci\u00f3n) y par constante.<\/p>\t\t\t\t\t\t\t\t<\/div>\n\t\t\t\t<\/div>\n\t\t\t\t<div class=\"elementor-element elementor-element-35ee936 elementor-widget elementor-widget-heading\" data-id=\"35ee936\" data-element_type=\"widget\" data-widget_type=\"heading.default\">\n\t\t\t\t<div class=\"elementor-widget-container\">\n\t\t\t\t\t<h2 class=\"elementor-heading-title elementor-size-default\">Detalles del curso<\/h2>\t\t\t\t<\/div>\n\t\t\t\t<\/div>\n\t\t\t\t<div class=\"elementor-element elementor-element-368d291 elementor-widget elementor-widget-text-editor\" data-id=\"368d291\" data-element_type=\"widget\" data-widget_type=\"text-editor.default\">\n\t\t\t\t<div class=\"elementor-widget-container\">\n\t\t\t\t\t\t\t\t\t<p style=\"text-align: center;\">\ud83d\udcc5 Inicio: 2025<br \/>\u23f1\ufe0f Duraci\u00f3n: 30 horas pedag\u00f3gicas<br \/>\ud83d\udc65 Capacidad: M\u00ednimo 4 \u2013 M\u00e1ximo 6 alumnos (atenci\u00f3n personalizada garantizada)<br \/>\ud83e\uddf0 Incluye: Todos los materiales, herramientas, instrumentos y controladores necesarios.<br \/>\ud83d\udcdc Certificaci\u00f3n: A nombre de Bericenter<\/p>\t\t\t\t\t\t\t\t<\/div>\n\t\t\t\t<\/div>\n\t\t\t\t<div class=\"elementor-element elementor-element-a5e5562 elementor-widget elementor-widget-image\" data-id=\"a5e5562\" data-element_type=\"widget\" data-widget_type=\"image.default\">\n\t\t\t\t<div class=\"elementor-widget-container\">\n\t\t\t\t\t\t\t\t\t\t\t\t\t\t\t<img decoding=\"async\" width=\"640\" height=\"224\" src=\"https:\/\/bericenter.com\/wp-content\/uploads\/2025\/04\/electricista-trabajando-centralita-espacio-copia-cables-conexion-electrica_169016-53646-1024x358.jpg\" class=\"attachment-large size-large wp-image-7023\" alt=\"\" srcset=\"https:\/\/bericenter.com\/wp-content\/uploads\/2025\/04\/electricista-trabajando-centralita-espacio-copia-cables-conexion-electrica_169016-53646-1024x358.jpg 1024w, https:\/\/bericenter.com\/wp-content\/uploads\/2025\/04\/electricista-trabajando-centralita-espacio-copia-cables-conexion-electrica_169016-53646-300x105.jpg 300w, https:\/\/bericenter.com\/wp-content\/uploads\/2025\/04\/electricista-trabajando-centralita-espacio-copia-cables-conexion-electrica_169016-53646-768x269.jpg 768w, https:\/\/bericenter.com\/wp-content\/uploads\/2025\/04\/electricista-trabajando-centralita-espacio-copia-cables-conexion-electrica_169016-53646-600x210.jpg 600w, https:\/\/bericenter.com\/wp-content\/uploads\/2025\/04\/electricista-trabajando-centralita-espacio-copia-cables-conexion-electrica_169016-53646.jpg 1380w\" sizes=\"(max-width: 640px) 100vw, 640px\" \/>\t\t\t\t\t\t\t\t\t\t\t\t\t\t\t<\/div>\n\t\t\t\t<\/div>\n\t\t\t\t\t<\/div>\n\t\t\t\t<\/div>\n\t\t\t\t<\/div>\n\t\t","protected":false},"excerpt":{"rendered":"<p>INSTALACI\u00d3N, CONFIGURACI\u00d3N Y OPERACI\u00d3N DE VARIADORES DE FRECUENCIA \u00bfEst\u00e1s listo para llevar tu perfil t\u00e9cnico al siguiente nivel?Este curso est\u00e1 dise\u00f1ado para convertirte en un profesional altamente capacitado&#8230;<\/p>\n","protected":false},"author":1,"featured_media":6692,"parent":0,"menu_order":0,"comment_status":"closed","ping_status":"closed","template":"","meta":{"footnotes":""},"class_list":["post-6688","page","type-page","status-publish","has-post-thumbnail","hentry"],"_links":{"self":[{"href":"https:\/\/bericenter.com\/index.php\/wp-json\/wp\/v2\/pages\/6688","targetHints":{"allow":["GET"]}}],"collection":[{"href":"https:\/\/bericenter.com\/index.php\/wp-json\/wp\/v2\/pages"}],"about":[{"href":"https:\/\/bericenter.com\/index.php\/wp-json\/wp\/v2\/types\/page"}],"author":[{"embeddable":true,"href":"https:\/\/bericenter.com\/index.php\/wp-json\/wp\/v2\/users\/1"}],"replies":[{"embeddable":true,"href":"https:\/\/bericenter.com\/index.php\/wp-json\/wp\/v2\/comments?post=6688"}],"version-history":[{"count":21,"href":"https:\/\/bericenter.com\/index.php\/wp-json\/wp\/v2\/pages\/6688\/revisions"}],"predecessor-version":[{"id":7055,"href":"https:\/\/bericenter.com\/index.php\/wp-json\/wp\/v2\/pages\/6688\/revisions\/7055"}],"wp:featuredmedia":[{"embeddable":true,"href":"https:\/\/bericenter.com\/index.php\/wp-json\/wp\/v2\/media\/6692"}],"wp:attachment":[{"href":"https:\/\/bericenter.com\/index.php\/wp-json\/wp\/v2\/media?parent=6688"}],"curies":[{"name":"wp","href":"https:\/\/api.w.org\/{rel}","templated":true}]}}