{"id":6701,"date":"2025-02-22T02:45:04","date_gmt":"2025-02-22T02:45:04","guid":{"rendered":"https:\/\/bericenter.com\/?page_id=6701"},"modified":"2025-04-05T14:47:20","modified_gmt":"2025-04-05T14:47:20","slug":"tecnologia-de-mantenimiento-de-motores-electricos-de-induccion","status":"publish","type":"page","link":"https:\/\/bericenter.com\/index.php\/tecnologia-de-mantenimiento-de-motores-electricos-de-induccion\/","title":{"rendered":"TECNOLOG\u00cdA DEL MANTENIMIENTO DE MOTORES EL\u00c9CTRICOS DE INDUCCI\u00d3N"},"content":{"rendered":"\t\t<div data-elementor-type=\"wp-page\" data-elementor-id=\"6701\" class=\"elementor elementor-6701\">\n\t\t\t\t<div class=\"elementor-element elementor-element-31fd7d06 e-flex e-con-boxed e-con e-parent\" data-id=\"31fd7d06\" data-element_type=\"container\">\n\t\t\t\t\t<div class=\"e-con-inner\">\n\t\t\t\t<div class=\"elementor-element elementor-element-3532ec0 elementor-widget elementor-widget-image\" data-id=\"3532ec0\" data-element_type=\"widget\" data-widget_type=\"image.default\">\n\t\t\t\t<div class=\"elementor-widget-container\">\n\t\t\t\t\t\t\t\t\t\t\t\t\t\t\t<img fetchpriority=\"high\" decoding=\"async\" width=\"640\" height=\"480\" src=\"https:\/\/bericenter.com\/wp-content\/uploads\/2025\/02\/unnamed-1-1024x768.jpg\" class=\"attachment-large size-large wp-image-6695\" alt=\"\" srcset=\"https:\/\/bericenter.com\/wp-content\/uploads\/2025\/02\/unnamed-1-1024x768.jpg 1024w, https:\/\/bericenter.com\/wp-content\/uploads\/2025\/02\/unnamed-1-300x225.jpg 300w, https:\/\/bericenter.com\/wp-content\/uploads\/2025\/02\/unnamed-1-768x576.jpg 768w, https:\/\/bericenter.com\/wp-content\/uploads\/2025\/02\/unnamed-1-154x116.jpg 154w, https:\/\/bericenter.com\/wp-content\/uploads\/2025\/02\/unnamed-1-360x270.jpg 360w, https:\/\/bericenter.com\/wp-content\/uploads\/2025\/02\/unnamed-1-600x450.jpg 600w, https:\/\/bericenter.com\/wp-content\/uploads\/2025\/02\/unnamed-1.jpg 1069w\" sizes=\"(max-width: 640px) 100vw, 640px\" \/>\t\t\t\t\t\t\t\t\t\t\t\t\t\t\t<\/div>\n\t\t\t\t<\/div>\n\t\t\t\t<div class=\"elementor-element elementor-element-b88dfcd elementor-widget elementor-widget-text-editor\" data-id=\"b88dfcd\" data-element_type=\"widget\" data-widget_type=\"text-editor.default\">\n\t\t\t\t<div class=\"elementor-widget-container\">\n\t\t\t\t\t\t\t\t\t\n<h2 class=\"wp-block-heading\"><strong>Tecnolog\u00eda del Mantenimiento de Motores El\u00e9ctricos de Inducci\u00f3n<\/strong><\/h2>\n\n<h3 class=\"wp-block-heading\">Objetivos del curso<\/h3>\n\n<ul class=\"wp-block-list\">\n<li>Realizar en forma correcta el mantenimiento preventivo de motores el\u00e9ctricos de inducci\u00f3n.\u00a0<\/li>\n\n<li>Realizar en forma correcta el mantenimiento preventivo de motores DC y universales<\/li>\n<\/ul>\n\n<h3 class=\"wp-block-heading\">Contenido de Talleres<\/h3>\n\n<ol class=\"wp-block-list\">\n<li>Funcionamiento de motores monof\u00e1sicos de inducci\u00f3n<\/li>\n\n<li>Funcionamiento de motores trif\u00e1sicos de inducci\u00f3n<\/li>\n\n<li>Pruebas de resistencia de aislamiento (Uso correcto del megohmetro)\u00a0<\/li>\n\n<li>Ensayos para determinar corto circuito entre espiras<\/li>\n\n<li>Pruebas para determinar principio y fin de las bobinas de\u00a0 fases<\/li>\n\n<li>Ensayo de saturaci\u00f3n del n\u00facleo del estator<\/li>\n\n<li>Ensayos al rotor tipo jaula de ardilla (varillas abiertas)<\/li>\n\n<li>Estado de rodamientos, operaci\u00f3n correcta de extracci\u00f3n y colocaci\u00f3n, niveles correctos de la cantidad de lubricaci\u00f3n.<\/li>\n\n<li>Pruebas en vaci\u00f3 de motores de inducci\u00f3n.<\/li>\n<\/ol>\n\n<h2 class=\"wp-block-heading\"><strong>Condiciones del curso<\/strong><\/h2>\n\n<figure class=\"wp-block-table\">\n<table class=\"has-fixed-layout\">\n<tbody>\n<tr>\n<td>Duraci\u00f3n<\/td>\n<td>30 Horas pedagocias<\/td>\n<\/tr>\n<tr>\n<td>Horario<\/td>\n<td>Martes y Jueves 9:00 am a 12:00 pm<\/td>\n<\/tr>\n<tr>\n<td>Capacidad<\/td>\n<td>Minimo 4 alumnos &#8211; M\u00e1ximo 6 alumnos<\/td>\n<\/tr>\n<tr>\n<td>\u00a0<\/td>\n<td>\u00a0<\/td>\n<\/tr>\n<tr>\n<td>Incluye<\/td>\n<td>Todos los materiales para implementar los tableros, herramientas, instrumentos y controladores respectivos.<\/td>\n<\/tr>\n<tr>\n<td>Certificaci\u00f3n<\/td>\n<td>A nombre de Bericenter<\/td>\n<\/tr>\n<\/tbody>\n<\/table>\n<\/figure>\n\t\t\t\t\t\t\t\t<\/div>\n\t\t\t\t<\/div>\n\t\t\t\t<div class=\"elementor-element elementor-element-ba41f3b elementor-widget elementor-widget-image\" data-id=\"ba41f3b\" data-element_type=\"widget\" data-widget_type=\"image.default\">\n\t\t\t\t<div class=\"elementor-widget-container\">\n\t\t\t\t\t\t\t\t\t\t\t\t\t\t\t<img decoding=\"async\" width=\"640\" height=\"480\" src=\"https:\/\/bericenter.com\/wp-content\/uploads\/2025\/02\/unnamed-2-1-1024x768.jpg\" class=\"attachment-large size-large wp-image-6696\" alt=\"\" srcset=\"https:\/\/bericenter.com\/wp-content\/uploads\/2025\/02\/unnamed-2-1-1024x768.jpg 1024w, https:\/\/bericenter.com\/wp-content\/uploads\/2025\/02\/unnamed-2-1-300x225.jpg 300w, https:\/\/bericenter.com\/wp-content\/uploads\/2025\/02\/unnamed-2-1-768x576.jpg 768w, https:\/\/bericenter.com\/wp-content\/uploads\/2025\/02\/unnamed-2-1-154x116.jpg 154w, https:\/\/bericenter.com\/wp-content\/uploads\/2025\/02\/unnamed-2-1-360x270.jpg 360w, https:\/\/bericenter.com\/wp-content\/uploads\/2025\/02\/unnamed-2-1-600x450.jpg 600w, https:\/\/bericenter.com\/wp-content\/uploads\/2025\/02\/unnamed-2-1.jpg 1067w\" sizes=\"(max-width: 640px) 100vw, 640px\" \/>\t\t\t\t\t\t\t\t\t\t\t\t\t\t\t<\/div>\n\t\t\t\t<\/div>\n\t\t\t\t\t<\/div>\n\t\t\t\t<\/div>\n\t\t\t\t<\/div>\n\t\t","protected":false},"excerpt":{"rendered":"<p>Tecnolog\u00eda del Mantenimiento de Motores El\u00e9ctricos de Inducci\u00f3n Objetivos del curso Contenido de Talleres Condiciones del curso Duraci\u00f3n 30 Horas pedagocias Horario Martes y Jueves 9:00 am a&#8230;<\/p>\n","protected":false},"author":1,"featured_media":6694,"parent":0,"menu_order":0,"comment_status":"closed","ping_status":"closed","template":"","meta":{"footnotes":""},"class_list":["post-6701","page","type-page","status-publish","has-post-thumbnail","hentry"],"_links":{"self":[{"href":"https:\/\/bericenter.com\/index.php\/wp-json\/wp\/v2\/pages\/6701","targetHints":{"allow":["GET"]}}],"collection":[{"href":"https:\/\/bericenter.com\/index.php\/wp-json\/wp\/v2\/pages"}],"about":[{"href":"https:\/\/bericenter.com\/index.php\/wp-json\/wp\/v2\/types\/page"}],"author":[{"embeddable":true,"href":"https:\/\/bericenter.com\/index.php\/wp-json\/wp\/v2\/users\/1"}],"replies":[{"embeddable":true,"href":"https:\/\/bericenter.com\/index.php\/wp-json\/wp\/v2\/comments?post=6701"}],"version-history":[{"count":9,"href":"https:\/\/bericenter.com\/index.php\/wp-json\/wp\/v2\/pages\/6701\/revisions"}],"predecessor-version":[{"id":6984,"href":"https:\/\/bericenter.com\/index.php\/wp-json\/wp\/v2\/pages\/6701\/revisions\/6984"}],"wp:featuredmedia":[{"embeddable":true,"href":"https:\/\/bericenter.com\/index.php\/wp-json\/wp\/v2\/media\/6694"}],"wp:attachment":[{"href":"https:\/\/bericenter.com\/index.php\/wp-json\/wp\/v2\/media?parent=6701"}],"curies":[{"name":"wp","href":"https:\/\/api.w.org\/{rel}","templated":true}]}}