{"id":6898,"date":"2025-03-25T23:32:40","date_gmt":"2025-03-25T23:32:40","guid":{"rendered":"https:\/\/bericenter.com\/?page_id=6898"},"modified":"2025-10-13T02:23:40","modified_gmt":"2025-10-13T02:23:40","slug":"instrumentacion-aplicada-a-procesos-de-manufactura","status":"publish","type":"page","link":"https:\/\/bericenter.com\/index.php\/instrumentacion-aplicada-a-procesos-de-manufactura\/","title":{"rendered":"AUTOMATIZACI\u00d3N DE PROCESOS CON PLC"},"content":{"rendered":"\t\t<div data-elementor-type=\"wp-page\" data-elementor-id=\"6898\" class=\"elementor elementor-6898\">\n\t\t\t\t<div class=\"elementor-element elementor-element-48375e5 e-flex e-con-boxed e-con e-parent\" data-id=\"48375e5\" data-element_type=\"container\">\n\t\t\t\t\t<div class=\"e-con-inner\">\n\t\t\t\t<div class=\"elementor-element elementor-element-b217ada elementor-widget elementor-widget-image\" data-id=\"b217ada\" data-element_type=\"widget\" data-widget_type=\"image.default\">\n\t\t\t\t<div class=\"elementor-widget-container\">\n\t\t\t\t\t\t\t\t\t\t\t\t\t\t\t<img fetchpriority=\"high\" decoding=\"async\" width=\"640\" height=\"427\" src=\"https:\/\/bericenter.com\/wp-content\/uploads\/2025\/04\/foto-linea-produccion-automoviles-soldadura-carrocerias-automoviles-planta-ensamblaje-automoviles-moderna-industria-automotriz-trabajador-masculino-casco-protector-naranja_645730-1-1024x683.jpg\" class=\"attachment-large size-large wp-image-7065\" alt=\"\" srcset=\"https:\/\/bericenter.com\/wp-content\/uploads\/2025\/04\/foto-linea-produccion-automoviles-soldadura-carrocerias-automoviles-planta-ensamblaje-automoviles-moderna-industria-automotriz-trabajador-masculino-casco-protector-naranja_645730-1-1024x683.jpg 1024w, https:\/\/bericenter.com\/wp-content\/uploads\/2025\/04\/foto-linea-produccion-automoviles-soldadura-carrocerias-automoviles-planta-ensamblaje-automoviles-moderna-industria-automotriz-trabajador-masculino-casco-protector-naranja_645730-1-300x200.jpg 300w, https:\/\/bericenter.com\/wp-content\/uploads\/2025\/04\/foto-linea-produccion-automoviles-soldadura-carrocerias-automoviles-planta-ensamblaje-automoviles-moderna-industria-automotriz-trabajador-masculino-casco-protector-naranja_645730-1-768x512.jpg 768w, https:\/\/bericenter.com\/wp-content\/uploads\/2025\/04\/foto-linea-produccion-automoviles-soldadura-carrocerias-automoviles-planta-ensamblaje-automoviles-moderna-industria-automotriz-trabajador-masculino-casco-protector-naranja_645730-1-540x360.jpg 540w, https:\/\/bericenter.com\/wp-content\/uploads\/2025\/04\/foto-linea-produccion-automoviles-soldadura-carrocerias-automoviles-planta-ensamblaje-automoviles-moderna-industria-automotriz-trabajador-masculino-casco-protector-naranja_645730-1-600x400.jpg 600w, https:\/\/bericenter.com\/wp-content\/uploads\/2025\/04\/foto-linea-produccion-automoviles-soldadura-carrocerias-automoviles-planta-ensamblaje-automoviles-moderna-industria-automotriz-trabajador-masculino-casco-protector-naranja_645730-1.jpg 1380w\" sizes=\"(max-width: 640px) 100vw, 640px\" \/>\t\t\t\t\t\t\t\t\t\t\t\t\t\t\t<\/div>\n\t\t\t\t<\/div>\n\t\t\t\t<div class=\"elementor-element elementor-element-198da35 elementor-widget elementor-widget-heading\" data-id=\"198da35\" data-element_type=\"widget\" data-widget_type=\"heading.default\">\n\t\t\t\t<div class=\"elementor-widget-container\">\n\t\t\t\t\t<h2 class=\"elementor-heading-title elementor-size-default\"><h2><b>AUTOMATIZACI\u00d3N DE PROCESOS CON PLC<\/b><span style=\"font-family: Roboto, sans-serif\"><\/span><\/h2><\/h2>\t\t\t\t<\/div>\n\t\t\t\t<\/div>\n\t\t\t\t<div class=\"elementor-element elementor-element-52430c2 elementor-widget elementor-widget-heading\" data-id=\"52430c2\" data-element_type=\"widget\" data-widget_type=\"heading.default\">\n\t\t\t\t<div class=\"elementor-widget-container\">\n\t\t\t\t\t<h6 class=\"elementor-heading-title elementor-size-default\">\u00bfTe gustar\u00eda dominar los sensores que controlan los procesos industriales m\u00e1s importantes?<\/h6>\t\t\t\t<\/div>\n\t\t\t\t<\/div>\n\t\t\t\t<div class=\"elementor-element elementor-element-d341584 elementor-widget elementor-widget-heading\" data-id=\"d341584\" data-element_type=\"widget\" data-widget_type=\"heading.default\">\n\t\t\t\t<div class=\"elementor-widget-container\">\n\t\t\t\t\t<h6 class=\"elementor-heading-title elementor-size-default\">Este curso es para ti<\/h6>\t\t\t\t<\/div>\n\t\t\t\t<\/div>\n\t\t\t\t<div class=\"elementor-element elementor-element-67ca7f5 elementor-widget elementor-widget-heading\" data-id=\"67ca7f5\" data-element_type=\"widget\" data-widget_type=\"heading.default\">\n\t\t\t\t<div class=\"elementor-widget-container\">\n\t\t\t\t\t<h6 class=\"elementor-heading-title elementor-size-default\"> Aprende a instalar, calibrar y operar sensores industriales de manera pr\u00e1ctica y aplicada. Ideal para t\u00e9cnicos, ingenieros y profesionales de mantenimiento que buscan destacar en manufactura y automatizaci\u00f3n.<\/h6>\t\t\t\t<\/div>\n\t\t\t\t<\/div>\n\t\t\t\t<div class=\"elementor-element elementor-element-4fcb05f elementor-widget elementor-widget-heading\" data-id=\"4fcb05f\" data-element_type=\"widget\" data-widget_type=\"heading.default\">\n\t\t\t\t<div class=\"elementor-widget-container\">\n\t\t\t\t\t<h4 class=\"elementor-heading-title elementor-size-default\"><h3><b>\u00bfQu\u00e9 vas a aprender?<\/b><span style=\"font-family: Roboto, sans-serif\"><\/span><\/h3><\/h4>\t\t\t\t<\/div>\n\t\t\t\t<\/div>\n\t\t\t\t\t<\/div>\n\t\t\t\t<\/div>\n\t\t<div class=\"elementor-element elementor-element-5873dcd e-flex e-con-boxed e-con e-parent\" data-id=\"5873dcd\" data-element_type=\"container\">\n\t\t\t\t\t<div class=\"e-con-inner\">\n\t\t\t\t<div class=\"elementor-element elementor-element-7c22524 elementor-widget elementor-widget-text-editor\" data-id=\"7c22524\" data-element_type=\"widget\" data-widget_type=\"text-editor.default\">\n\t\t\t\t<div class=\"elementor-widget-container\">\n\t\t\t\t\t\t\t\t\t<p><span lang=\"ES-PE\" style=\"font-size: 12.0pt; line-height: 115%; font-family: 'Segoe UI Emoji',sans-serif; mso-fareast-font-family: 'Times New Roman'; mso-bidi-font-family: 'Segoe UI Emoji'; mso-ansi-language: ES-PE; mso-fareast-language: ES-PE; mso-bidi-language: AR-SA;\">\u2705<\/span><span lang=\"ES-PE\" style=\"font-size: 12.0pt; line-height: 115%; font-family: 'Times New Roman',serif; mso-fareast-font-family: 'Times New Roman'; mso-ansi-language: ES-PE; mso-fareast-language: ES-PE; mso-bidi-language: AR-SA;\"> Determinar e instalar detectores de proximidad<br \/><\/span><span lang=\"ES-PE\" style=\"font-size: 12.0pt; line-height: 115%; font-family: 'Segoe UI Emoji',sans-serif; mso-fareast-font-family: 'Times New Roman'; mso-bidi-font-family: 'Segoe UI Emoji'; mso-ansi-language: ES-PE; mso-fareast-language: ES-PE; mso-bidi-language: AR-SA;\">\u2705<\/span><span lang=\"ES-PE\" style=\"font-size: 12.0pt; line-height: 115%; font-family: 'Times New Roman',serif; mso-fareast-font-family: 'Times New Roman'; mso-ansi-language: ES-PE; mso-fareast-language: ES-PE; mso-bidi-language: AR-SA;\"> Calibrar sensores de presi\u00f3n y temperatura<br \/><\/span><span lang=\"ES-PE\" style=\"font-size: 12.0pt; line-height: 115%; font-family: 'Segoe UI Emoji',sans-serif; mso-fareast-font-family: 'Times New Roman'; mso-bidi-font-family: 'Segoe UI Emoji'; mso-ansi-language: ES-PE; mso-fareast-language: ES-PE; mso-bidi-language: AR-SA;\">\u2705<\/span><span lang=\"ES-PE\" style=\"font-size: 12.0pt; line-height: 115%; font-family: 'Times New Roman',serif; mso-fareast-font-family: 'Times New Roman'; mso-ansi-language: ES-PE; mso-fareast-language: ES-PE; mso-bidi-language: AR-SA;\"> Instalar sensores de desplazamiento<br \/><\/span><span lang=\"ES-PE\" style=\"font-size: 12.0pt; line-height: 115%; font-family: 'Segoe UI Emoji',sans-serif; mso-fareast-font-family: 'Times New Roman'; mso-bidi-font-family: 'Segoe UI Emoji'; mso-ansi-language: ES-PE; mso-fareast-language: ES-PE; mso-bidi-language: AR-SA;\">\u2705<\/span><span lang=\"ES-PE\" style=\"font-size: 12.0pt; line-height: 115%; font-family: 'Times New Roman',serif; mso-fareast-font-family: 'Times New Roman'; mso-ansi-language: ES-PE; mso-fareast-language: ES-PE; mso-bidi-language: AR-SA;\"> Trabajar con RTDs, termocuplas y m\u00e1s<\/span><\/p>\t\t\t\t\t\t\t\t<\/div>\n\t\t\t\t<\/div>\n\t\t\t\t<div class=\"elementor-element elementor-element-58f2173 elementor-widget elementor-widget-heading\" data-id=\"58f2173\" data-element_type=\"widget\" data-widget_type=\"heading.default\">\n\t\t\t\t<div class=\"elementor-widget-container\">\n\t\t\t\t\t<h4 class=\"elementor-heading-title elementor-size-default\"><h3><b>Contenido 100% pr\u00e1ctico<\/b><span style=\"font-family: Roboto, sans-serif\"><\/span><\/h3><\/h4>\t\t\t\t<\/div>\n\t\t\t\t<\/div>\n\t\t\t\t<div class=\"elementor-element elementor-element-7785a01 elementor-widget elementor-widget-text-editor\" data-id=\"7785a01\" data-element_type=\"widget\" data-widget_type=\"text-editor.default\">\n\t\t\t\t<div class=\"elementor-widget-container\">\n\t\t\t\t\t\t\t\t\t<p>\ud83d\udd39 Sensores inductivos, capacitivos, fotoel\u00e9ctricos y ultras\u00f3nicos<br \/>\ud83d\udd39 Presostatos y transmisores de presi\u00f3n<br \/>\ud83d\udd39 Instalaci\u00f3n en controladores de temperatura<br \/>\ud83d\udd39 Sensores de desplazamiento rotativo y lineal<\/p>\t\t\t\t\t\t\t\t<\/div>\n\t\t\t\t<\/div>\n\t\t\t\t<div class=\"elementor-element elementor-element-6dc2823 elementor-widget elementor-widget-text-editor\" data-id=\"6dc2823\" data-element_type=\"widget\" data-widget_type=\"text-editor.default\">\n\t\t\t\t<div class=\"elementor-widget-container\">\n\t\t\t\t\t\t\t\t\t<h3 class=\"elementor-heading-title elementor-size-default\"><img decoding=\"async\" class=\"emoji\" role=\"img\" draggable=\"false\" src=\"https:\/\/s.w.org\/images\/core\/emoji\/15.0.3\/svg\/1f4c5.svg\" alt=\"\ud83d\udcc5\" \/>\u00a0Detalles del Curso<\/h3>\n<p>\ud83d\udcc5 <strong>Inicio:<\/strong> Abril 2025<br \/>\u23f1\ufe0f <strong>Duraci\u00f3n:<\/strong> 20 horas pedag\u00f3gicas<br \/>\ud83d\udd58 <strong>Horario:<\/strong> Lunes, mi\u00e9rcoles y viernes de 9:00 a.m. a 12:00 m.<br \/>\ud83d\udc65 <strong>Cupos:<\/strong> M\u00ednimo 6 \u2013 M\u00e1ximo 10 alumnos<br \/>\ud83c\udfeb <strong>Modalidad:<\/strong> 100% presencial<br \/>\ud83c\udf93 <strong>Certificaci\u00f3n a nombre de Bericenter<\/strong><br \/>\ud83d\udd27 Incluye uso de laboratorio, herramientas e instrumentos<\/p>\t\t\t\t\t\t\t\t<\/div>\n\t\t\t\t<\/div>\n\t\t\t\t<div class=\"elementor-element elementor-element-ebe7879 elementor-widget elementor-widget-heading\" data-id=\"ebe7879\" data-element_type=\"widget\" data-widget_type=\"heading.default\">\n\t\t\t\t<div class=\"elementor-widget-container\">\n\t\t\t\t\t<h6 class=\"elementor-heading-title elementor-size-default\">Aprende haciendo. Vive la experiencia en laboratorio y desarrolla habilidades t\u00e9cnicas reales.<\/h6>\t\t\t\t<\/div>\n\t\t\t\t<\/div>\n\t\t\t\t<div class=\"elementor-element elementor-element-a14e607 elementor-widget elementor-widget-heading\" data-id=\"a14e607\" data-element_type=\"widget\" data-widget_type=\"heading.default\">\n\t\t\t\t<div class=\"elementor-widget-container\">\n\t\t\t\t\t<h6 class=\"elementor-heading-title elementor-size-default\">\ud83d\udcf2 \u00a1Escr\u00edbenos para separar tu cupo!<\/h6>\t\t\t\t<\/div>\n\t\t\t\t<\/div>\n\t\t\t\t<div class=\"elementor-element elementor-element-150037b elementor-widget elementor-widget-image\" data-id=\"150037b\" data-element_type=\"widget\" data-widget_type=\"image.default\">\n\t\t\t\t<div class=\"elementor-widget-container\">\n\t\t\t\t\t\t\t\t\t\t\t\t\t\t\t<img decoding=\"async\" width=\"640\" height=\"427\" src=\"https:\/\/bericenter.com\/wp-content\/uploads\/2025\/04\/fabrica-nuevas-tecnologias_1098-13994-1024x683.jpg\" class=\"attachment-large size-large wp-image-7066\" alt=\"\" srcset=\"https:\/\/bericenter.com\/wp-content\/uploads\/2025\/04\/fabrica-nuevas-tecnologias_1098-13994-1024x683.jpg 1024w, https:\/\/bericenter.com\/wp-content\/uploads\/2025\/04\/fabrica-nuevas-tecnologias_1098-13994-300x200.jpg 300w, https:\/\/bericenter.com\/wp-content\/uploads\/2025\/04\/fabrica-nuevas-tecnologias_1098-13994-768x512.jpg 768w, https:\/\/bericenter.com\/wp-content\/uploads\/2025\/04\/fabrica-nuevas-tecnologias_1098-13994-540x360.jpg 540w, https:\/\/bericenter.com\/wp-content\/uploads\/2025\/04\/fabrica-nuevas-tecnologias_1098-13994-600x400.jpg 600w, https:\/\/bericenter.com\/wp-content\/uploads\/2025\/04\/fabrica-nuevas-tecnologias_1098-13994.jpg 1380w\" sizes=\"(max-width: 640px) 100vw, 640px\" \/>\t\t\t\t\t\t\t\t\t\t\t\t\t\t\t<\/div>\n\t\t\t\t<\/div>\n\t\t\t\t\t<\/div>\n\t\t\t\t<\/div>\n\t\t\t\t<\/div>\n\t\t","protected":false},"excerpt":{"rendered":"<p>AUTOMATIZACI\u00d3N DE PROCESOS CON PLC \u00bfTe gustar\u00eda dominar los sensores que controlan los procesos industriales m\u00e1s importantes? Este curso es para ti Aprende a instalar, calibrar y operar&#8230;<\/p>\n","protected":false},"author":1,"featured_media":0,"parent":0,"menu_order":0,"comment_status":"closed","ping_status":"closed","template":"","meta":{"footnotes":""},"class_list":["post-6898","page","type-page","status-publish","hentry"],"_links":{"self":[{"href":"https:\/\/bericenter.com\/index.php\/wp-json\/wp\/v2\/pages\/6898","targetHints":{"allow":["GET"]}}],"collection":[{"href":"https:\/\/bericenter.com\/index.php\/wp-json\/wp\/v2\/pages"}],"about":[{"href":"https:\/\/bericenter.com\/index.php\/wp-json\/wp\/v2\/types\/page"}],"author":[{"embeddable":true,"href":"https:\/\/bericenter.com\/index.php\/wp-json\/wp\/v2\/users\/1"}],"replies":[{"embeddable":true,"href":"https:\/\/bericenter.com\/index.php\/wp-json\/wp\/v2\/comments?post=6898"}],"version-history":[{"count":22,"href":"https:\/\/bericenter.com\/index.php\/wp-json\/wp\/v2\/pages\/6898\/revisions"}],"predecessor-version":[{"id":7196,"href":"https:\/\/bericenter.com\/index.php\/wp-json\/wp\/v2\/pages\/6898\/revisions\/7196"}],"wp:attachment":[{"href":"https:\/\/bericenter.com\/index.php\/wp-json\/wp\/v2\/media?parent=6898"}],"curies":[{"name":"wp","href":"https:\/\/api.w.org\/{rel}","templated":true}]}}