{"id":6931,"date":"2025-04-04T19:25:28","date_gmt":"2025-04-04T19:25:28","guid":{"rendered":"https:\/\/bericenter.com\/?page_id=6931"},"modified":"2025-10-12T17:39:47","modified_gmt":"2025-10-12T17:39:47","slug":"sistema-de-fibra-optica","status":"publish","type":"page","link":"https:\/\/bericenter.com\/index.php\/sistema-de-fibra-optica\/","title":{"rendered":"SISTEMA DE FIBRA \u00d3PTICA"},"content":{"rendered":"\t\t<div data-elementor-type=\"wp-page\" data-elementor-id=\"6931\" class=\"elementor elementor-6931\">\n\t\t\t\t<div class=\"elementor-element elementor-element-41316ba e-flex e-con-boxed e-con e-parent\" data-id=\"41316ba\" data-element_type=\"container\">\n\t\t\t\t\t<div class=\"e-con-inner\">\n\t\t\t\t<div class=\"elementor-element elementor-element-1fecc32 elementor-widget elementor-widget-image\" data-id=\"1fecc32\" data-element_type=\"widget\" data-widget_type=\"image.default\">\n\t\t\t\t<div class=\"elementor-widget-container\">\n\t\t\t\t\t\t\t\t\t\t\t\t\t\t\t<img fetchpriority=\"high\" decoding=\"async\" width=\"640\" height=\"302\" src=\"https:\/\/bericenter.com\/wp-content\/uploads\/2025\/10\/Bandeja-de-fibra-optica.jpg\" class=\"attachment-large size-large wp-image-7158\" alt=\"\" srcset=\"https:\/\/bericenter.com\/wp-content\/uploads\/2025\/10\/Bandeja-de-fibra-optica.jpg 872w, https:\/\/bericenter.com\/wp-content\/uploads\/2025\/10\/Bandeja-de-fibra-optica-300x141.jpg 300w, https:\/\/bericenter.com\/wp-content\/uploads\/2025\/10\/Bandeja-de-fibra-optica-768x362.jpg 768w, https:\/\/bericenter.com\/wp-content\/uploads\/2025\/10\/Bandeja-de-fibra-optica-600x283.jpg 600w\" sizes=\"(max-width: 640px) 100vw, 640px\" \/>\t\t\t\t\t\t\t\t\t\t\t\t\t\t\t<\/div>\n\t\t\t\t<\/div>\n\t\t\t\t<div class=\"elementor-element elementor-element-1c9bccb elementor-widget elementor-widget-heading\" data-id=\"1c9bccb\" data-element_type=\"widget\" data-widget_type=\"heading.default\">\n\t\t\t\t<div class=\"elementor-widget-container\">\n\t\t\t\t\t<h2 class=\"elementor-heading-title elementor-size-default\"><h2><strong>SISTEMA DE COMUNICACI\u00d3N POR FIBRA \u00d3PTICA<\/strong><span style=\"font-family: Roboto, sans-serif\"><\/span><\/h2><\/h2>\t\t\t\t<\/div>\n\t\t\t\t<\/div>\n\t\t\t\t<div class=\"elementor-element elementor-element-1f9d787 elementor-widget elementor-widget-text-editor\" data-id=\"1f9d787\" data-element_type=\"widget\" data-widget_type=\"text-editor.default\">\n\t\t\t\t<div class=\"elementor-widget-container\">\n\t\t\t\t\t\t\t\t\t<p><em>Transforma tu conocimiento en tecnolog\u00eda de telecomunicaciones modernas<\/em><\/p>\t\t\t\t\t\t\t\t<\/div>\n\t\t\t\t<\/div>\n\t\t\t\t<div class=\"elementor-element elementor-element-9b9f562 elementor-widget elementor-widget-text-editor\" data-id=\"9b9f562\" data-element_type=\"widget\" data-widget_type=\"text-editor.default\">\n\t\t\t\t<div class=\"elementor-widget-container\">\n\t\t\t\t\t\t\t\t\t<p>La fibra \u00f3ptica est\u00e1 revolucionando las telecomunicaciones, ofreciendo mayor velocidad, fiabilidad y reducci\u00f3n de costos. Si quieres estar a la vanguardia, este curso es para ti. Aprende todo sobre la instalaci\u00f3n y mantenimiento de Sistemas de Fibra \u00d3ptica<\/p>\t\t\t\t\t\t\t\t<\/div>\n\t\t\t\t<\/div>\n\t\t\t\t<div class=\"elementor-element elementor-element-89c4933 elementor-widget elementor-widget-text-editor\" data-id=\"89c4933\" data-element_type=\"widget\" data-widget_type=\"text-editor.default\">\n\t\t\t\t<div class=\"elementor-widget-container\">\n\t\t\t\t\t\t\t\t\t<p>\u2705 Comprender los fundamentos de los sistemas de fibra \u00f3ptica y sus ventajas frente a los cables tradicionales<br \/>\u2705 Dominar los conceptos clave de fibra \u00f3ptica: \u00edndices de refracci\u00f3n, atenuaci\u00f3n, dispersi\u00f3n y m\u00e1s<br \/>\u2705 Realizar mediciones reflectom\u00e9tricas y de potencia de fibra \u00f3ptica.<br \/>\u2705 Interpretaci\u00f3n de trazas reflectom\u00e9tricas.<\/p>\t\t\t\t\t\t\t\t<\/div>\n\t\t\t\t<\/div>\n\t\t\t\t<div class=\"elementor-element elementor-element-d2c227e elementor-widget elementor-widget-heading\" data-id=\"d2c227e\" data-element_type=\"widget\" data-widget_type=\"heading.default\">\n\t\t\t\t<div class=\"elementor-widget-container\">\n\t\t\t\t\t<h2 class=\"elementor-heading-title elementor-size-default\"><h3><strong>Contenido pr\u00e1ctico y especializado<\/strong><span style=\"font-family: Roboto, sans-serif\"><\/span><\/h3><\/h2>\t\t\t\t<\/div>\n\t\t\t\t<\/div>\n\t\t\t\t<div class=\"elementor-element elementor-element-f1dc8c8 elementor-widget elementor-widget-text-editor\" data-id=\"f1dc8c8\" data-element_type=\"widget\" data-widget_type=\"text-editor.default\">\n\t\t\t\t<div class=\"elementor-widget-container\">\n\t\t\t\t\t\t\t\t\t<p>\ud83d\udd39 Estructura y caracter\u00edsticas de la fibra \u00f3ptica<br \/>\ud83d\udd39 Propagaci\u00f3n de se\u00f1ales por reflexi\u00f3n y refracci\u00f3n<br \/>\ud83d\udd39 Fibra \u00f3ptica monomodo vs multimodo<br \/>\ud83d\udd39 Cables, aver\u00edas comunes y mantenimiento de sistemas<br \/>\ud83d\udd39 Principios de dise\u00f1o de enlaces de fibra \u00f3ptica y sus ventanas de transmisi\u00f3n<br \/>\ud83d\udd39 T\u00e9cnicas para asegurar calidad de servicio y optimizar el ancho de banda<\/p>\t\t\t\t\t\t\t\t<\/div>\n\t\t\t\t<\/div>\n\t\t\t\t<div class=\"elementor-element elementor-element-e8a729c elementor-widget elementor-widget-text-editor\" data-id=\"e8a729c\" data-element_type=\"widget\" data-widget_type=\"text-editor.default\">\n\t\t\t\t<div class=\"elementor-widget-container\">\n\t\t\t\t\t\t\t\t\t<h3 class=\"elementor-heading-title elementor-size-default\">\u00a0Detalles del Curso<\/h3><p>\ud83d\udcc5 <strong>Inicio:<\/strong> Octubre 2025<br \/>\ud83d\udccd <strong>Modalidad:<\/strong> Presencial<br \/>\ud83c\udf93 <strong>Certificaci\u00f3n a nombre de Bericenter<\/strong><br \/>\ud83d\udcb5 <strong>Inversi\u00f3n:<\/strong>\u00a0<br \/>\ud83d\udc65 <strong>Cupos limitados para una experiencia personalizada<\/strong><\/p>\t\t\t\t\t\t\t\t<\/div>\n\t\t\t\t<\/div>\n\t\t\t\t<div class=\"elementor-element elementor-element-717de57 elementor-widget elementor-widget-heading\" data-id=\"717de57\" data-element_type=\"widget\" data-widget_type=\"heading.default\">\n\t\t\t\t<div class=\"elementor-widget-container\">\n\t\t\t\t\t<h2 class=\"elementor-heading-title elementor-size-default\">\u00bfListo para dominar la fibra \u00f3ptica y dar el siguiente paso en tu carrera en telecomunicaciones?<\/h2>\t\t\t\t<\/div>\n\t\t\t\t<\/div>\n\t\t\t\t<div class=\"elementor-element elementor-element-9ae3368 elementor-widget elementor-widget-heading\" data-id=\"9ae3368\" data-element_type=\"widget\" data-widget_type=\"heading.default\">\n\t\t\t\t<div class=\"elementor-widget-container\">\n\t\t\t\t\t<h2 class=\"elementor-heading-title elementor-size-default\">\ud83d\udcf2 \u00a1Inscr\u00edbete ahora y asegura tu lugar!<\/h2>\t\t\t\t<\/div>\n\t\t\t\t<\/div>\n\t\t\t\t<div class=\"elementor-element elementor-element-fab8753 elementor-widget elementor-widget-image\" data-id=\"fab8753\" data-element_type=\"widget\" data-widget_type=\"image.default\">\n\t\t\t\t<div class=\"elementor-widget-container\">\n\t\t\t\t\t\t\t\t\t\t\t\t\t\t\t<img decoding=\"async\" width=\"640\" height=\"427\" src=\"https:\/\/bericenter.com\/wp-content\/uploads\/2025\/04\/codificador-independiente-escribiendo-codigo-servidor-aprendizaje-automatico-sentado-mesa-escritorio-compania-software-desarrollador-software-trabajando-sistema-base-datos-script-c-1024x683.jpg\" class=\"attachment-large size-large wp-image-7091\" alt=\"\" srcset=\"https:\/\/bericenter.com\/wp-content\/uploads\/2025\/04\/codificador-independiente-escribiendo-codigo-servidor-aprendizaje-automatico-sentado-mesa-escritorio-compania-software-desarrollador-software-trabajando-sistema-base-datos-script-c-1024x683.jpg 1024w, https:\/\/bericenter.com\/wp-content\/uploads\/2025\/04\/codificador-independiente-escribiendo-codigo-servidor-aprendizaje-automatico-sentado-mesa-escritorio-compania-software-desarrollador-software-trabajando-sistema-base-datos-script-c-300x200.jpg 300w, https:\/\/bericenter.com\/wp-content\/uploads\/2025\/04\/codificador-independiente-escribiendo-codigo-servidor-aprendizaje-automatico-sentado-mesa-escritorio-compania-software-desarrollador-software-trabajando-sistema-base-datos-script-c-768x512.jpg 768w, https:\/\/bericenter.com\/wp-content\/uploads\/2025\/04\/codificador-independiente-escribiendo-codigo-servidor-aprendizaje-automatico-sentado-mesa-escritorio-compania-software-desarrollador-software-trabajando-sistema-base-datos-script-c-540x360.jpg 540w, https:\/\/bericenter.com\/wp-content\/uploads\/2025\/04\/codificador-independiente-escribiendo-codigo-servidor-aprendizaje-automatico-sentado-mesa-escritorio-compania-software-desarrollador-software-trabajando-sistema-base-datos-script-c-600x400.jpg 600w, https:\/\/bericenter.com\/wp-content\/uploads\/2025\/04\/codificador-independiente-escribiendo-codigo-servidor-aprendizaje-automatico-sentado-mesa-escritorio-compania-software-desarrollador-software-trabajando-sistema-base-datos-script-c.jpg 1380w\" sizes=\"(max-width: 640px) 100vw, 640px\" \/>\t\t\t\t\t\t\t\t\t\t\t\t\t\t\t<\/div>\n\t\t\t\t<\/div>\n\t\t\t\t\t<\/div>\n\t\t\t\t<\/div>\n\t\t\t\t<\/div>\n\t\t","protected":false},"excerpt":{"rendered":"<p>SISTEMA DE COMUNICACI\u00d3N POR FIBRA \u00d3PTICA Transforma tu conocimiento en tecnolog\u00eda de telecomunicaciones modernas La fibra \u00f3ptica est\u00e1 revolucionando las telecomunicaciones, ofreciendo mayor velocidad, fiabilidad y reducci\u00f3n de&#8230;<\/p>\n","protected":false},"author":1,"featured_media":6932,"parent":0,"menu_order":0,"comment_status":"closed","ping_status":"closed","template":"","meta":{"footnotes":""},"class_list":["post-6931","page","type-page","status-publish","has-post-thumbnail","hentry"],"_links":{"self":[{"href":"https:\/\/bericenter.com\/index.php\/wp-json\/wp\/v2\/pages\/6931","targetHints":{"allow":["GET"]}}],"collection":[{"href":"https:\/\/bericenter.com\/index.php\/wp-json\/wp\/v2\/pages"}],"about":[{"href":"https:\/\/bericenter.com\/index.php\/wp-json\/wp\/v2\/types\/page"}],"author":[{"embeddable":true,"href":"https:\/\/bericenter.com\/index.php\/wp-json\/wp\/v2\/users\/1"}],"replies":[{"embeddable":true,"href":"https:\/\/bericenter.com\/index.php\/wp-json\/wp\/v2\/comments?post=6931"}],"version-history":[{"count":19,"href":"https:\/\/bericenter.com\/index.php\/wp-json\/wp\/v2\/pages\/6931\/revisions"}],"predecessor-version":[{"id":7164,"href":"https:\/\/bericenter.com\/index.php\/wp-json\/wp\/v2\/pages\/6931\/revisions\/7164"}],"wp:featuredmedia":[{"embeddable":true,"href":"https:\/\/bericenter.com\/index.php\/wp-json\/wp\/v2\/media\/6932"}],"wp:attachment":[{"href":"https:\/\/bericenter.com\/index.php\/wp-json\/wp\/v2\/media?parent=6931"}],"curies":[{"name":"wp","href":"https:\/\/api.w.org\/{rel}","templated":true}]}}