{"id":7186,"date":"2025-10-13T02:13:49","date_gmt":"2025-10-13T02:13:49","guid":{"rendered":"https:\/\/bericenter.com\/?page_id=7186"},"modified":"2025-10-13T02:19:31","modified_gmt":"2025-10-13T02:19:31","slug":"tecnologia-de-los-transformadores","status":"publish","type":"page","link":"https:\/\/bericenter.com\/index.php\/tecnologia-de-los-transformadores\/","title":{"rendered":"TECNOLOG\u00cdA DE LOS TRANSFORMADORES"},"content":{"rendered":"\t\t<div data-elementor-type=\"wp-page\" data-elementor-id=\"7186\" class=\"elementor elementor-7186\">\n\t\t\t\t<div class=\"elementor-element elementor-element-48375e5 e-flex e-con-boxed e-con e-parent\" data-id=\"48375e5\" data-element_type=\"container\">\n\t\t\t\t\t<div class=\"e-con-inner\">\n\t\t\t\t<div class=\"elementor-element elementor-element-b217ada elementor-widget elementor-widget-image\" data-id=\"b217ada\" data-element_type=\"widget\" data-widget_type=\"image.default\">\n\t\t\t\t<div class=\"elementor-widget-container\">\n\t\t\t\t\t\t\t\t\t\t\t\t\t\t\t<img fetchpriority=\"high\" decoding=\"async\" width=\"756\" height=\"283\" src=\"https:\/\/bericenter.com\/wp-content\/uploads\/2025\/10\/Transformadores-2-1.jpg\" class=\"attachment-full size-full wp-image-7168\" alt=\"\" srcset=\"https:\/\/bericenter.com\/wp-content\/uploads\/2025\/10\/Transformadores-2-1.jpg 756w, https:\/\/bericenter.com\/wp-content\/uploads\/2025\/10\/Transformadores-2-1-300x112.jpg 300w, https:\/\/bericenter.com\/wp-content\/uploads\/2025\/10\/Transformadores-2-1-600x225.jpg 600w\" sizes=\"(max-width: 756px) 100vw, 756px\" \/>\t\t\t\t\t\t\t\t\t\t\t\t\t\t\t<\/div>\n\t\t\t\t<\/div>\n\t\t\t\t<div class=\"elementor-element elementor-element-75ed2e4 elementor-widget elementor-widget-heading\" data-id=\"75ed2e4\" data-element_type=\"widget\" data-widget_type=\"heading.default\">\n\t\t\t\t<div class=\"elementor-widget-container\">\n\t\t\t\t\t<h2 class=\"elementor-heading-title elementor-size-default\"><h2><strong>TECNOLOG\u00cdA DE LOS TRANSFORMADORES<\/strong><span style=\"color: var( --e-global-color-primary );font-family: var( --e-global-typography-primary-font-family ), Sans-serif;font-weight: var( --e-global-typography-primary-font-weight );text-align: var(--text-align)\"><\/span><\/h2><\/h2>\t\t\t\t<\/div>\n\t\t\t\t<\/div>\n\t\t\t\t<div class=\"elementor-element elementor-element-75d25d1 elementor-widget elementor-widget-text-editor\" data-id=\"75d25d1\" data-element_type=\"widget\" data-widget_type=\"text-editor.default\">\n\t\t\t\t<div class=\"elementor-widget-container\">\n\t\t\t\t\t\t\t\t\t<p>Las protecciones el\u00e9ctricas de los <strong>Sistemas El\u00e9ctricos de Potencia son esenciales para garantizar la seguridad, la confiabilidad y la eficiencia de los sistemas el\u00e9ctricos<\/strong>. Sin ellas, cualquier falla menor en el Sistema podr\u00eda afectar la seguridad de las personas, afectar grandes \u00e1reas por p\u00e9rdida de suministro y da\u00f1os a la infraestructura el\u00e9ctrica.<\/p>\t\t\t\t\t\t\t\t<\/div>\n\t\t\t\t<\/div>\n\t\t\t\t<div class=\"elementor-element elementor-element-940dc6d elementor-widget elementor-widget-heading\" data-id=\"940dc6d\" data-element_type=\"widget\" data-widget_type=\"heading.default\">\n\t\t\t\t<div class=\"elementor-widget-container\">\n\t\t\t\t\t<h2 class=\"elementor-heading-title elementor-size-default\"><h3><strong>Objetivos del Curso<\/strong><span style=\"color: var( --e-global-color-primary );font-family: var( --e-global-typography-primary-font-family ), Sans-serif;font-weight: var( --e-global-typography-primary-font-weight );text-align: var(--text-align)\"><\/span><\/h3><\/h2>\t\t\t\t<\/div>\n\t\t\t\t<\/div>\n\t\t\t\t<div class=\"elementor-element elementor-element-05ad565 elementor-widget elementor-widget-text-editor\" data-id=\"05ad565\" data-element_type=\"widget\" data-widget_type=\"text-editor.default\">\n\t\t\t\t<div class=\"elementor-widget-container\">\n\t\t\t\t\t\t\t\t\t<p>Brindar a los participantes los conocimientos te\u00f3ricos y pr\u00e1cticos necesarios para comprender, configurar, probar y analizar el funcionamiento de los <strong data-start=\"329\" data-end=\"362\">rel\u00e9s de protecci\u00f3n el\u00e9ctrica<\/strong>, garantizando la <strong data-start=\"380\" data-end=\"423\">operaci\u00f3n segura, confiable y selectiva<\/strong> de los sistemas el\u00e9ctricos de potencia.<\/p>\t\t\t\t\t\t\t\t<\/div>\n\t\t\t\t<\/div>\n\t\t\t\t<div class=\"elementor-element elementor-element-f0eb332 elementor-widget elementor-widget-heading\" data-id=\"f0eb332\" data-element_type=\"widget\" data-widget_type=\"heading.default\">\n\t\t\t\t<div class=\"elementor-widget-container\">\n\t\t\t\t\t<h3 class=\"elementor-heading-title elementor-size-default\">Objetivos Espec\u00edficos<\/h3>\t\t\t\t<\/div>\n\t\t\t\t<\/div>\n\t\t\t\t<div class=\"elementor-element elementor-element-8c05918 elementor-widget elementor-widget-text-editor\" data-id=\"8c05918\" data-element_type=\"widget\" data-widget_type=\"text-editor.default\">\n\t\t\t\t<div class=\"elementor-widget-container\">\n\t\t\t\t\t\t\t\t\t<ol><li><p>Comprender los <strong data-start=\"521\" data-end=\"559\">principios de protecci\u00f3n el\u00e9ctrica<\/strong> y su importancia en la operaci\u00f3n de sistemas el\u00e9ctricos industriales y de potencia.<\/p><\/li><li><p>Identificar los <strong data-start=\"665\" data-end=\"683\">tipos de rel\u00e9s<\/strong> (electromec\u00e1nicos, est\u00e1ticos y digitales\/microprocesados) y sus <strong data-start=\"748\" data-end=\"776\">aplicaciones espec\u00edficas<\/strong>.<\/p><\/li><li><p>Interpretar <strong data-start=\"795\" data-end=\"821\">esquemas de protecci\u00f3n<\/strong> y <strong data-start=\"824\" data-end=\"856\">coordinaci\u00f3n de protecciones<\/strong> en redes el\u00e9ctricas.<\/p><\/li><li><p>Aprender a <strong data-start=\"894\" data-end=\"939\">configurar y parametrizar rel\u00e9s digitales<\/strong> de protecci\u00f3n mediante software especializado.<\/p><\/li><li><p>Desarrollar habilidades para <strong data-start=\"1021\" data-end=\"1065\">realizar pruebas primarias y secundarias<\/strong> de rel\u00e9s utilizando equipos de prueba.<\/p><\/li><li><p>Analizar <strong data-start=\"1119\" data-end=\"1156\">casos reales de fallas el\u00e9ctricas<\/strong>, determinando la respuesta del sistema de protecci\u00f3n.<\/p><\/li><li><p>Fomentar el uso de <strong data-start=\"1235\" data-end=\"1261\">normas internacionales<\/strong> (IEC, IEEE, ANSI) aplicables a los sistemas de protecci\u00f3n.<\/p><\/li><\/ol>\t\t\t\t\t\t\t\t<\/div>\n\t\t\t\t<\/div>\n\t\t\t\t<div class=\"elementor-element elementor-element-b97d4af elementor-widget elementor-widget-text-editor\" data-id=\"b97d4af\" data-element_type=\"widget\" data-widget_type=\"text-editor.default\">\n\t\t\t\t<div class=\"elementor-widget-container\">\n\t\t\t\t\t\t\t\t\t<h3>Condiciones del curso<\/h3><ul><li style=\"text-align: center;\"><strong>\ud83d\udd52 Inicio:<\/strong> Octubre \u2013 2025<\/li><li style=\"text-align: center;\"><strong>\ud83e\uddd1\u200d\ud83c\udfeb\u00a0 Duraci\u00f3n:<\/strong> 18 Horas pedag\u00f3gicas<\/li><li style=\"text-align: center;\"><strong>\ud83d\udcc5 Horario:<\/strong> Jueves, Viernes y S\u00e1bados de 7:30 PM a 9:30 PM<\/li><li style=\"text-align: center;\"><strong>\ud83d\udc65 Capacidad:<\/strong> M\u00ednimo 8 alumnos \u2013 M\u00e1ximo 15 alumnos<\/li><li style=\"text-align: center;\"><strong>\ud83d\udcbb Requisitos:<\/strong> Computadora de escritorio o laptop, procesador Intel Core i3 o Ryzen 3, memoria RAM 8GB m\u00ednimo, con Microsoft Excel 2016 o superior<\/li><li style=\"text-align: center;\"><strong>\ud83c\udf93 Certificaci\u00f3n:<\/strong> A nombre de Bericenter<\/li><li style=\"text-align: center;\"><strong>\ud83c\udf10 Modalidad:<\/strong>\u00a0 sesiones presenciales<\/li><\/ul>\t\t\t\t\t\t\t\t<\/div>\n\t\t\t\t<\/div>\n\t\t\t\t\t<\/div>\n\t\t\t\t<\/div>\n\t\t<div class=\"elementor-element elementor-element-35342d6 e-flex e-con-boxed e-con e-parent\" data-id=\"35342d6\" data-element_type=\"container\">\n\t\t\t\t\t<div class=\"e-con-inner\">\n\t\t\t\t<div class=\"elementor-element elementor-element-945f659 elementor-widget elementor-widget-image\" data-id=\"945f659\" data-element_type=\"widget\" data-widget_type=\"image.default\">\n\t\t\t\t<div class=\"elementor-widget-container\">\n\t\t\t\t\t\t\t\t\t\t\t\t\t\t\t<img decoding=\"async\" width=\"640\" height=\"360\" src=\"https:\/\/bericenter.com\/wp-content\/uploads\/2025\/04\/supervisor-haciendo-prueba-diagnostico-servidor_482257-84917-1024x576.jpg\" class=\"attachment-large size-large wp-image-7113\" alt=\"\" srcset=\"https:\/\/bericenter.com\/wp-content\/uploads\/2025\/04\/supervisor-haciendo-prueba-diagnostico-servidor_482257-84917-1024x576.jpg 1024w, https:\/\/bericenter.com\/wp-content\/uploads\/2025\/04\/supervisor-haciendo-prueba-diagnostico-servidor_482257-84917-300x169.jpg 300w, https:\/\/bericenter.com\/wp-content\/uploads\/2025\/04\/supervisor-haciendo-prueba-diagnostico-servidor_482257-84917-768x432.jpg 768w, https:\/\/bericenter.com\/wp-content\/uploads\/2025\/04\/supervisor-haciendo-prueba-diagnostico-servidor_482257-84917-600x337.jpg 600w, https:\/\/bericenter.com\/wp-content\/uploads\/2025\/04\/supervisor-haciendo-prueba-diagnostico-servidor_482257-84917.jpg 1380w\" sizes=\"(max-width: 640px) 100vw, 640px\" \/>\t\t\t\t\t\t\t\t\t\t\t\t\t\t\t<\/div>\n\t\t\t\t<\/div>\n\t\t\t\t\t<\/div>\n\t\t\t\t<\/div>\n\t\t<div class=\"elementor-element elementor-element-9cb3643 e-flex e-con-boxed e-con e-parent\" data-id=\"9cb3643\" data-element_type=\"container\">\n\t\t\t\t\t<div class=\"e-con-inner\">\n\t\t\t\t\t<\/div>\n\t\t\t\t<\/div>\n\t\t\t\t<\/div>\n\t\t","protected":false},"excerpt":{"rendered":"<p>TECNOLOG\u00cdA DE LOS TRANSFORMADORES Las protecciones el\u00e9ctricas de los Sistemas El\u00e9ctricos de Potencia son esenciales para garantizar la seguridad, la confiabilidad y la eficiencia de los sistemas el\u00e9ctricos&#8230;.<\/p>\n","protected":false},"author":1,"featured_media":6721,"parent":0,"menu_order":0,"comment_status":"closed","ping_status":"closed","template":"","meta":{"footnotes":""},"class_list":["post-7186","page","type-page","status-publish","has-post-thumbnail","hentry"],"_links":{"self":[{"href":"https:\/\/bericenter.com\/index.php\/wp-json\/wp\/v2\/pages\/7186","targetHints":{"allow":["GET"]}}],"collection":[{"href":"https:\/\/bericenter.com\/index.php\/wp-json\/wp\/v2\/pages"}],"about":[{"href":"https:\/\/bericenter.com\/index.php\/wp-json\/wp\/v2\/types\/page"}],"author":[{"embeddable":true,"href":"https:\/\/bericenter.com\/index.php\/wp-json\/wp\/v2\/users\/1"}],"replies":[{"embeddable":true,"href":"https:\/\/bericenter.com\/index.php\/wp-json\/wp\/v2\/comments?post=7186"}],"version-history":[{"count":4,"href":"https:\/\/bericenter.com\/index.php\/wp-json\/wp\/v2\/pages\/7186\/revisions"}],"predecessor-version":[{"id":7192,"href":"https:\/\/bericenter.com\/index.php\/wp-json\/wp\/v2\/pages\/7186\/revisions\/7192"}],"wp:featuredmedia":[{"embeddable":true,"href":"https:\/\/bericenter.com\/index.php\/wp-json\/wp\/v2\/media\/6721"}],"wp:attachment":[{"href":"https:\/\/bericenter.com\/index.php\/wp-json\/wp\/v2\/media?parent=7186"}],"curies":[{"name":"wp","href":"https:\/\/api.w.org\/{rel}","templated":true}]}}