{"id":919,"date":"2018-05-14T12:51:40","date_gmt":"2018-05-14T12:51:40","guid":{"rendered":"http:\/\/keenitsolutions.com\/products\/wordpress\/rsconstruction\/?page_id=919"},"modified":"2024-01-08T15:49:05","modified_gmt":"2024-01-08T15:49:05","slug":"about-us","status":"publish","type":"page","link":"https:\/\/bericenter.com\/index.php\/about-us\/","title":{"rendered":"Nosotros"},"content":{"rendered":"<div class=\"wpb-content-wrapper\"><p>[vc_row content_placement=&#8221;bottom&#8221; css=&#8221;.vc_custom_1534316599656{margin-top: 98px !important;margin-bottom: 20px !important;}&#8221;][vc_column width=&#8221;7\/12&#8243;]\n        <div class=\"rs-heading style3  vc_custom_1704565115750  \">\n        \t<div class=\"title-inner\">\n\t            \n\t            <h2 style=background:url(https:\/\/bericenter.com\/wp-content\/uploads\/2018\/08\/shape.png)>Bienvenido a BERICENTER<\/h2>\n\t        <\/div><\/div>[vc_column_text css=&#8221;.vc_custom_1704565177989{margin-bottom: 25px !important;}&#8221;]En BERICENTER, nos enorgullece ofrecer cursos de la m\u00e1s alta calidad en tecnolog\u00edas clave. Especializados en:<\/p>\n<ol>\n<li><strong>Fibra \u00d3ptica:<\/strong>\u00a0Desde conceptos b\u00e1sicos hasta tecnolog\u00edas avanzadas.<\/li>\n<li><strong>Sistemas El\u00e9ctricos de Potencia:<\/strong>\u00a0Explorando el coraz\u00f3n de la energ\u00eda el\u00e9ctrica.<\/li>\n<li><strong>Automatizaci\u00f3n de Subestaciones:<\/strong>\u00a0Donde eficiencia y control se encuentran.<\/li>\n<li><strong>Sistema de Puesta a Tierra:<\/strong>\u00a0Garantizando la seguridad el\u00e9ctrica.<\/li>\n<\/ol>\n<p>[\/vc_column_text][\/vc_column][vc_column width=&#8221;5\/12&#8243;][vc_single_image image=&#8221;6511&#8243; img_size=&#8221;full&#8221; el_class=&#8221;rs-image-effect-shine&#8221;][\/vc_column][\/vc_row][vc_row full_width=&#8221;stretch_row&#8221; gap=&#8221;15&#8243; content_placement=&#8221;middle&#8221; el_id=&#8221;rs-acheivements&#8221; el_class=&#8221;rs-acheivements&#8221; css=&#8221;.vc_custom_1534316688305{padding-top: 14px !important;padding-bottom: 60px !important;background-position: center !important;background-repeat: no-repeat !important;background-size: cover !important;}&#8221;][vc_column][vc_row_inner][vc_column_inner width=&#8221;1\/4&#8243;]\n\t<div class=\"counter-top-area style-light \" >\n    <div class=\"rs-counter-list\">\n\t\t\n        <div class=\"count-text\"><div class=\"count-number\"><h3 class=\"rs-counter\">20<\/h3><\/div>         \n        <h4>PROFESORES<\/h4><\/div>\n    <\/div><\/div>[\/vc_column_inner][vc_column_inner width=&#8221;1\/4&#8243;]\n\t<div class=\"counter-top-area style-light \" >\n    <div class=\"rs-counter-list\">\n\t\t\n        <div class=\"count-text\"><div class=\"count-number\"><h3 class=\"rs-counter\">4<\/h3><\/div>         \n        <h4>CURSOS<\/h4><\/div>\n    <\/div><\/div>[\/vc_column_inner][vc_column_inner width=&#8221;1\/4&#8243;]\n\t<div class=\"counter-top-area style-light \" >\n    <div class=\"rs-counter-list\">\n\t\t\n        <div class=\"count-text\"><div class=\"count-number\"><h3 class=\"rs-counter\">300<\/h3><\/div>         \n        <h4>ESTUDIANTES<\/h4><\/div>\n    <\/div><\/div>[\/vc_column_inner][vc_column_inner width=&#8221;1\/4&#8243;]\n\t<div class=\"counter-top-area style-light \" >\n    <div class=\"rs-counter-list\">\n\t\t\n        <div class=\"count-text\"><div class=\"count-number\"><h3 class=\"rs-counter\">600<\/h3><\/div>         \n        <h4>EGERESADOS<\/h4><\/div>\n    <\/div><\/div>[\/vc_column_inner][\/vc_row_inner][\/vc_column][\/vc_row][vc_row full_width=&#8221;stretch_row&#8221; el_class=&#8221;black-overlay fixed-bg text-center&#8221; css=&#8221;.vc_custom_1534240756698{padding-top: 55px !important;padding-bottom: 100px !important;background-image: url(http:\/\/keenitsolutions.com\/products\/wordpress\/eshkool\/wp-content\/uploads\/2018\/08\/image-overlay.jpg?id=4250) !important;background-position: center !important;background-repeat: no-repeat !important;background-size: cover !important;}&#8221;][vc_column]\n        \t<div class=\"rs-calltoaction\">\n        \t    <div class=\"rs-heading style1 center\">\n        \t        \n        \t        <h2 style=\"color: #ffffff\">``BERICENTER: Forjando Expertos, Conectando Futuros.``<\/h2>\n        \t        <p  style=\"color: #ffffff\">Transformamos Conocimiento en Oportunidades.<\/p>\n        \t    <\/div><\/div>[\/vc_column][\/vc_row][vc_row full_width=&#8221;stretch_row&#8221; el_class=&#8221;rs-acheivements&#8221; css=&#8221;.vc_custom_1534317074956{padding-top: 64px !important;padding-bottom: 45px !important;background-position: center !important;background-repeat: no-repeat !important;background-size: cover !important;}&#8221;][vc_column width=&#8221;1\/2&#8243;]\n        <div class=\"rs-heading style3  vc_custom_1704728326162  \">\n        \t<div class=\"title-inner\">\n\t            \n\t            <h2 style=background:url(https:\/\/bericenter.com\/wp-content\/uploads\/2018\/08\/shape.png)>\u00bfPOR QU\u00c9 ELEGIRNOS?<\/h2>\n\t        <\/div><div class=\"description\"><p >En BERICENTER, no solo te educamos, sino que tambi\u00e9n te empoderamos para destacarte en tu campo elegido.<\/p>\n<ol>\n<li><strong>Excelencia Educativa:<\/strong> BERICENTER se destaca por ofrecer cursos de la m\u00e1s alta calidad, respaldados por instructores expertos y programas integralmente estructurados.<\/li>\n<li><strong>Enfoque Pr\u00e1ctico:<\/strong> Nuestro compromiso con el aprendizaje pr\u00e1ctico a trav\u00e9s de laboratorios equipados con tecnolog\u00eda de vanguardia garantiza que los estudiantes est\u00e9n preparados para aplicar sus conocimientos en entornos del mundo real.<\/li>\n<li><strong>Relevancia Constante:<\/strong> En un mundo que evoluciona r\u00e1pidamente, BERICENTER se compromete a mantenerse actualizado con las \u00faltimas tendencias y avances en tecnolog\u00eda, asegurando que nuestros estudiantes est\u00e9n siempre a la vanguardia.<\/li>\n<li><strong>Instructores Altamente Calificados:<\/strong> Contamos con un equipo de instructores con experiencia, que no solo poseen conocimientos profundos en sus campos respectivos, sino que tambi\u00e9n est\u00e1n comprometidos con la formaci\u00f3n y el \u00e9xito de los estudiantes.<\/li>\n<li><strong>Oportunidades de Carrera:<\/strong> Al elegir BERICENTER, est\u00e1s eligiendo una ruta hacia nuevas oportunidades profesionales. Nuestros programas est\u00e1n dise\u00f1ados para equiparte con las habilidades que las empresas buscan en el mercado laboral actual.<\/li>\n<li><strong>Compromiso con el \u00c9xito del Estudiante:<\/strong> M\u00e1s all\u00e1 de la capacitaci\u00f3n, nos preocupamos por el \u00e9xito de nuestros estudiantes. Brindamos apoyo adicional, recursos y orientaci\u00f3n para asegurarnos de que alcances tus metas profesionales.<\/li>\n<\/ol>\n<p><\/p><\/div><\/div>[vc_row_inner css=&#8221;.vc_custom_1532510785712{margin-top: 50px !important;}&#8221;][vc_column_inner width=&#8221;1\/3&#8243;]\n\t\t\t<div class=\"rs-services-style3  \">\n\t\t\t\t<div class=\"services-item rs-animation-hover\">\n\t\t\t\t    <div class=\"services-icon\">\n\t\t\t\t        <i  class=\"vc_icon_element-icon vc_li vc_li-star rs-animation-scale-up\"><\/i>\n\t\t\t\t    <\/div>\n\t\t\t\t    <div class=\"services-desc\">\n\t\t\t\t        <h4 class=\"services-title\"><a href=\"#\" title=\"\">CALIDAD<\/a><\/h4>\n\t\t\t\t        <p><\/p>\n\t\t\t\t    <\/div>\n\t\t\t\t<\/div>\n\t\t\t<\/div>\n\t\t\t[\/vc_column_inner][vc_column_inner width=&#8221;1\/3&#8243;]\n\t\t\t<div class=\"rs-services-style3  \">\n\t\t\t\t<div class=\"services-item rs-animation-hover\">\n\t\t\t\t    <div class=\"services-icon\">\n\t\t\t\t        <i  class=\"vc_icon_element-icon vc_li vc_li-like rs-animation-scale-up\"><\/i>\n\t\t\t\t    <\/div>\n\t\t\t\t    <div class=\"services-desc\">\n\t\t\t\t        <h4 class=\"services-title\"><a href=\"#\" title=\"\">PRACTICIDAD<\/a><\/h4>\n\t\t\t\t        <p><\/p>\n\t\t\t\t    <\/div>\n\t\t\t\t<\/div>\n\t\t\t<\/div>\n\t\t\t[\/vc_column_inner][vc_column_inner width=&#8221;1\/3&#8243;]\n\t\t\t<div class=\"rs-services-style3  \">\n\t\t\t\t<div class=\"services-item rs-animation-hover\">\n\t\t\t\t    <div class=\"services-icon\">\n\t\t\t\t        <i  class=\"vc_icon_element-icon vc_li vc_li-search rs-animation-scale-up\"><\/i>\n\t\t\t\t    <\/div>\n\t\t\t\t    <div class=\"services-desc\">\n\t\t\t\t        <h4 class=\"services-title\"><a href=\"#\" title=\"\">RELEVANCIA<\/a><\/h4>\n\t\t\t\t        <p><\/p>\n\t\t\t\t    <\/div>\n\t\t\t\t<\/div>\n\t\t\t<\/div>\n\t\t\t[\/vc_column_inner][\/vc_row_inner][\/vc_column][vc_column width=&#8221;1\/2&#8243;][vc_single_image image=&#8221;3927&#8243; img_size=&#8221;full&#8221; alignment=&#8221;center&#8221;][\/vc_column][\/vc_row]<\/p>\n<\/div>","protected":false},"excerpt":{"rendered":"<p>[vc_row content_placement=&#8221;bottom&#8221; css=&#8221;.vc_custom_1534316599656{margin-top: 98px !important;margin-bottom: 20px !important;}&#8221;][vc_column width=&#8221;7\/12&#8243;][vc_column_text css=&#8221;.vc_custom_1704565177989{margin-bottom: 25px !important;}&#8221;]En BERICENTER, nos enorgullece ofrecer cursos de la m\u00e1s alta calidad en tecnolog\u00edas clave. Especializados en: Fibra \u00d3ptica:\u00a0Desde&#8230;<\/p>\n","protected":false},"author":1,"featured_media":0,"parent":0,"menu_order":0,"comment_status":"closed","ping_status":"closed","template":"","meta":{"footnotes":""},"class_list":["post-919","page","type-page","status-publish","hentry"],"_links":{"self":[{"href":"https:\/\/bericenter.com\/index.php\/wp-json\/wp\/v2\/pages\/919","targetHints":{"allow":["GET"]}}],"collection":[{"href":"https:\/\/bericenter.com\/index.php\/wp-json\/wp\/v2\/pages"}],"about":[{"href":"https:\/\/bericenter.com\/index.php\/wp-json\/wp\/v2\/types\/page"}],"author":[{"embeddable":true,"href":"https:\/\/bericenter.com\/index.php\/wp-json\/wp\/v2\/users\/1"}],"replies":[{"embeddable":true,"href":"https:\/\/bericenter.com\/index.php\/wp-json\/wp\/v2\/comments?post=919"}],"version-history":[{"count":6,"href":"https:\/\/bericenter.com\/index.php\/wp-json\/wp\/v2\/pages\/919\/revisions"}],"predecessor-version":[{"id":6521,"href":"https:\/\/bericenter.com\/index.php\/wp-json\/wp\/v2\/pages\/919\/revisions\/6521"}],"wp:attachment":[{"href":"https:\/\/bericenter.com\/index.php\/wp-json\/wp\/v2\/media?parent=919"}],"curies":[{"name":"wp","href":"https:\/\/api.w.org\/{rel}","templated":true}]}}